{"id":135,"date":"2021-03-09T14:05:42","date_gmt":"2021-03-09T13:05:42","guid":{"rendered":"https:\/\/www.adlervia.com\/?page_id=135"},"modified":"2021-05-05T02:04:04","modified_gmt":"2021-05-05T00:04:04","slug":"blog","status":"publish","type":"page","link":"https:\/\/www.adlervia.com\/index.php\/blog\/","title":{"rendered":"Blog"},"content":{"rendered":"\t\t<div data-elementor-type=\"wp-page\" data-elementor-id=\"135\" class=\"elementor elementor-135\" data-elementor-settings=\"[]\">\n\t\t\t\t\t\t\t<div class=\"elementor-section-wrap\">\n\t\t\t\t\t\t\t<section class=\"elementor-section elementor-top-section elementor-element elementor-element-578f2d8 elementor-section-boxed elementor-section-height-default elementor-section-height-default\" data-id=\"578f2d8\" data-element_type=\"section\">\n\t\t\t\t\t\t<div class=\"elementor-container elementor-column-gap-default\">\n\t\t\t\t\t<div class=\"elementor-column elementor-col-100 elementor-top-column elementor-element elementor-element-300ba34\" data-id=\"300ba34\" data-element_type=\"column\">\n\t\t\t<div class=\"elementor-widget-wrap elementor-element-populated\">\n\t\t\t\t\t\t\t\t<div class=\"elementor-element elementor-element-9901f79 elementor-widget elementor-widget-envolve_blog_list_view_v1\" data-id=\"9901f79\" data-element_type=\"widget\" data-widget_type=\"envolve_blog_list_view_v1.default\">\n\t\t\t\t<div class=\"elementor-widget-container\">\n\t\t\t\t\t\r\n        <!-- sidebar-page-container -->\r\n        <section class=\"sidebar-page-container\">\r\n            <div class=\"pattern\" style=\"background-image: url(https:\/\/www.adlervia.com\/wp-content\/uploads\/2021\/04\/typewriter.png);\"><\/div>\r\n            <div class=\"auto-container\">\r\n                <div class=\"row\">\r\n                    <div class=\"col-lg-8 offset-lg-2\">\r\n                                                <!-- News Block -->\r\n                        <div class=\"news-block-one style-two\">\r\n                            <div class=\"row m-0\">\r\n                                <div class=\"col-xl-6 col-lg-12 col-md-12 col-sm-12 p-0\">\r\n                                    <div class=\"image\"><a href=\"https:\/\/www.adlervia.com\/index.php\/2026\/04\/11\/scopri-la-selezione-di-giochi-online-su-casino-midas-e-vinci-alla-grande\/\"><\/a><\/div>\r\n                                <\/div>\r\n                                <div class=\"col-xl-6 col-lg-12 col-md-12 col-sm-12 p-0\">\r\n                                    <div class=\"inner-box\">\r\n                                        <div class=\"row m-0 justify-content-between\">\r\n                                            <div class=\"date\"><strong>11<\/strong>apr <br>2026<\/div>\r\n                                            <div class=\"author\"><div class=\"title\">ivica.duricova <\/div>\r\n                                            \t\t\t\t\t\t\t\t\t\t\t\t\t\t<img alt='' src='https:\/\/secure.gravatar.com\/avatar\/84c91606a2508c40e2a913279ffb3bdb2c3a9ea92e82354b6e2962123c09e928?s=60&#038;d=mm&#038;r=g' srcset='https:\/\/secure.gravatar.com\/avatar\/84c91606a2508c40e2a913279ffb3bdb2c3a9ea92e82354b6e2962123c09e928?s=120&#038;d=mm&#038;r=g 2x' class='avatar avatar-60 photo' height='60' width='60' \/>                                                                                            <\/div>\r\n                                        <\/div>\r\n                                        <div class=\"category\"><a href=\"https:\/\/www.adlervia.com\/index.php\/category\/nezaradene\/\" rel=\"category tag\">Nezaraden\u00e9<\/a><\/div>\r\n                                        <h4><a href=\"https:\/\/www.adlervia.com\/index.php\/2026\/04\/11\/scopri-la-selezione-di-giochi-online-su-casino-midas-e-vinci-alla-grande\/\">Scopri la selezione di giochi online su casino Midas e vinci alla grande<\/a><\/h4>\r\n                                        <div class=\"read-more-btn\"><a href=\"https:\/\/www.adlervia.com\/index.php\/2026\/04\/11\/scopri-la-selezione-di-giochi-online-su-casino-midas-e-vinci-alla-grande\/\">Continue reading <i>>><\/i><\/a><\/div>\r\n                                    <\/div>\r\n                                <\/div>\r\n                            <\/div>\r\n                        <\/div>\r\n                        <!-- News Block -->\r\n                                                <!-- News Block -->\r\n                        <div class=\"news-block-one style-two\">\r\n                            <div class=\"row m-0\">\r\n                                <div class=\"col-xl-6 col-lg-12 col-md-12 col-sm-12 p-0\">\r\n                                    <div class=\"image\"><a href=\"https:\/\/www.adlervia.com\/index.php\/2026\/04\/10\/migliora-la-tua-esperienza-di-gioco-su-dragonia-casino-con-queste-tecniche-avanzate\/\"><\/a><\/div>\r\n                                <\/div>\r\n                                <div class=\"col-xl-6 col-lg-12 col-md-12 col-sm-12 p-0\">\r\n                                    <div class=\"inner-box\">\r\n                                        <div class=\"row m-0 justify-content-between\">\r\n                                            <div class=\"date\"><strong>10<\/strong>apr <br>2026<\/div>\r\n                                            <div class=\"author\"><div class=\"title\">ivica.duricova <\/div>\r\n                                            \t\t\t\t\t\t\t\t\t\t\t\t\t\t<img alt='' src='https:\/\/secure.gravatar.com\/avatar\/84c91606a2508c40e2a913279ffb3bdb2c3a9ea92e82354b6e2962123c09e928?s=60&#038;d=mm&#038;r=g' srcset='https:\/\/secure.gravatar.com\/avatar\/84c91606a2508c40e2a913279ffb3bdb2c3a9ea92e82354b6e2962123c09e928?s=120&#038;d=mm&#038;r=g 2x' class='avatar avatar-60 photo' height='60' width='60' \/>                                                                                            <\/div>\r\n                                        <\/div>\r\n                                        <div class=\"category\"><a href=\"https:\/\/www.adlervia.com\/index.php\/category\/nezaradene\/\" rel=\"category tag\">Nezaraden\u00e9<\/a><\/div>\r\n                                        <h4><a href=\"https:\/\/www.adlervia.com\/index.php\/2026\/04\/10\/migliora-la-tua-esperienza-di-gioco-su-dragonia-casino-con-queste-tecniche-avanzate\/\">Migliora la tua esperienza di gioco su Dragonia Casino con queste tecniche avanzate<\/a><\/h4>\r\n                                        <div class=\"read-more-btn\"><a href=\"https:\/\/www.adlervia.com\/index.php\/2026\/04\/10\/migliora-la-tua-esperienza-di-gioco-su-dragonia-casino-con-queste-tecniche-avanzate\/\">Continue reading <i>>><\/i><\/a><\/div>\r\n                                    <\/div>\r\n                                <\/div>\r\n                            <\/div>\r\n                        <\/div>\r\n                        <!-- News Block -->\r\n                                                <!-- News Block -->\r\n                        <div class=\"news-block-one style-two\">\r\n                            <div class=\"row m-0\">\r\n                                <div class=\"col-xl-6 col-lg-12 col-md-12 col-sm-12 p-0\">\r\n                                    <div class=\"image\"><a href=\"https:\/\/www.adlervia.com\/index.php\/2026\/04\/10\/tipps-und-tricks-fur-das-gewinnen-beim-casino-spinfest\/\"><\/a><\/div>\r\n                                <\/div>\r\n                                <div class=\"col-xl-6 col-lg-12 col-md-12 col-sm-12 p-0\">\r\n                                    <div class=\"inner-box\">\r\n                                        <div class=\"row m-0 justify-content-between\">\r\n                                            <div class=\"date\"><strong>10<\/strong>apr <br>2026<\/div>\r\n                                            <div class=\"author\"><div class=\"title\">ivica.duricova <\/div>\r\n                                            \t\t\t\t\t\t\t\t\t\t\t\t\t\t<img alt='' src='https:\/\/secure.gravatar.com\/avatar\/84c91606a2508c40e2a913279ffb3bdb2c3a9ea92e82354b6e2962123c09e928?s=60&#038;d=mm&#038;r=g' srcset='https:\/\/secure.gravatar.com\/avatar\/84c91606a2508c40e2a913279ffb3bdb2c3a9ea92e82354b6e2962123c09e928?s=120&#038;d=mm&#038;r=g 2x' class='avatar avatar-60 photo' height='60' width='60' \/>                                                                                            <\/div>\r\n                                        <\/div>\r\n                                        <div class=\"category\"><a href=\"https:\/\/www.adlervia.com\/index.php\/category\/nezaradene\/\" rel=\"category tag\">Nezaraden\u00e9<\/a><\/div>\r\n                                        <h4><a href=\"https:\/\/www.adlervia.com\/index.php\/2026\/04\/10\/tipps-und-tricks-fur-das-gewinnen-beim-casino-spinfest\/\">Tipps und Tricks f\u00fcr das Gewinnen beim Casino Spinfest<\/a><\/h4>\r\n                                        <div class=\"read-more-btn\"><a href=\"https:\/\/www.adlervia.com\/index.php\/2026\/04\/10\/tipps-und-tricks-fur-das-gewinnen-beim-casino-spinfest\/\">Continue reading <i>>><\/i><\/a><\/div>\r\n                                    <\/div>\r\n                                <\/div>\r\n                            <\/div>\r\n                        <\/div>\r\n                        <!-- News Block -->\r\n                                            <\/div>\r\n                <\/div>\r\n                <div class=\"pagination-wrapper text-center\">\r\n                    <ul class=\"pagination\">\n\t<li><span aria-current=\"page\" class=\"page-numbers current\">1<\/span><\/li>\n\t<li><a class=\"page-numbers\" href=\"https:\/\/www.adlervia.com\/index.php\/wp-json\/wp\/v2\/pages\/135\/page\/2\/\">2<\/a><\/li>\n\t<li><a class=\"page-numbers\" href=\"https:\/\/www.adlervia.com\/index.php\/wp-json\/wp\/v2\/pages\/135\/page\/3\/\">3<\/a><\/li>\n\t<li><span class=\"page-numbers dots\">&hellip;<\/span><\/li>\n\t<li><a class=\"page-numbers\" href=\"https:\/\/www.adlervia.com\/index.php\/wp-json\/wp\/v2\/pages\/135\/page\/5\/\">5<\/a><\/li>\n\t<li><a class=\"next page-numbers\" href=\"https:\/\/www.adlervia.com\/index.php\/wp-json\/wp\/v2\/pages\/135\/page\/2\/\"><i class=\"fas fa-angle-right\"><\/i> <\/a><\/li>\n<\/ul>\n                <\/div>\r\n            <\/div>\r\n        <\/section>\r\n        <!-- sidebar-page-container end -->\r\n        \r\n        \t\t<\/div>\n\t\t\t\t<\/div>\n\t\t\t\t\t<\/div>\n\t\t<\/div>\n\t\t\t\t\t\t\t<\/div>\n\t\t<\/section>\n\t\t\t\t\t\t<\/div>\n\t\t\t\t\t<\/div>\n\t\t","protected":false},"excerpt":{"rendered":"<p>02m\u00e1j 2021 ivica.duricova Naming Ako na brainstorming pri tvorbe n\u00e1zvu firmy? Continue reading >> 02m\u00e1j 2021 ivica.duricova Naming Ak\u00e9 s\u00fa krit\u00e9ri\u00e1 dobr\u00e9ho n\u00e1zvu firmy? Continue reading >> 30mar 2021 ivica.duricova Naming Na \u010do myslie\u0165 predt\u00fdm, ne\u017e si zvol\u00edte n\u00e1zov firmy Continue reading >> 1 2<\/p>\n","protected":false},"author":1,"featured_media":0,"parent":0,"menu_order":0,"comment_status":"closed","ping_status":"closed","template":"","meta":{"footnotes":""},"class_list":["post-135","page","type-page","status-publish","hentry"],"_links":{"self":[{"href":"https:\/\/www.adlervia.com\/index.php\/wp-json\/wp\/v2\/pages\/135","targetHints":{"allow":["GET"]}}],"collection":[{"href":"https:\/\/www.adlervia.com\/index.php\/wp-json\/wp\/v2\/pages"}],"about":[{"href":"https:\/\/www.adlervia.com\/index.php\/wp-json\/wp\/v2\/types\/page"}],"author":[{"embeddable":true,"href":"https:\/\/www.adlervia.com\/index.php\/wp-json\/wp\/v2\/users\/1"}],"replies":[{"embeddable":true,"href":"https:\/\/www.adlervia.com\/index.php\/wp-json\/wp\/v2\/comments?post=135"}],"version-history":[{"count":25,"href":"https:\/\/www.adlervia.com\/index.php\/wp-json\/wp\/v2\/pages\/135\/revisions"}],"predecessor-version":[{"id":1035,"href":"https:\/\/www.adlervia.com\/index.php\/wp-json\/wp\/v2\/pages\/135\/revisions\/1035"}],"wp:attachment":[{"href":"https:\/\/www.adlervia.com\/index.php\/wp-json\/wp\/v2\/media?parent=135"}],"curies":[{"name":"wp","href":"https:\/\/api.w.org\/{rel}","templated":true}]}}