{"id":301,"date":"2021-03-16T23:21:49","date_gmt":"2021-03-16T22:21:49","guid":{"rendered":"https:\/\/www.adlervia.com\/?page_id=301"},"modified":"2024-04-17T03:01:48","modified_gmt":"2024-04-17T01:01:48","slug":"kontakt","status":"publish","type":"page","link":"https:\/\/www.adlervia.com\/index.php\/kontakt\/","title":{"rendered":"Kontakt"},"content":{"rendered":"\t\t<div data-elementor-type=\"wp-page\" data-elementor-id=\"301\" class=\"elementor elementor-301\" data-elementor-settings=\"[]\">\n\t\t\t\t\t\t\t<div class=\"elementor-section-wrap\">\n\t\t\t\t\t\t\t<section class=\"elementor-section elementor-top-section elementor-element elementor-element-ea0b6e8 elementor-section-boxed elementor-section-height-default elementor-section-height-default\" data-id=\"ea0b6e8\" data-element_type=\"section\">\n\t\t\t\t\t\t<div class=\"elementor-container elementor-column-gap-default\">\n\t\t\t\t\t<div class=\"elementor-column elementor-col-100 elementor-top-column elementor-element elementor-element-36b5cd0\" data-id=\"36b5cd0\" data-element_type=\"column\">\n\t\t\t<div class=\"elementor-widget-wrap elementor-element-populated\">\n\t\t\t\t\t\t\t\t<div class=\"elementor-element elementor-element-4eabe3c elementor-widget elementor-widget-envolve_our_faqs\" data-id=\"4eabe3c\" data-element_type=\"widget\" data-widget_type=\"envolve_our_faqs.default\">\n\t\t\t\t<div class=\"elementor-widget-container\">\n\t\t\t        \r\n        <!-- Faq Section -->\r\n        <section class=\"faq-section\">\r\n            <div class=\"pattern\" style=\"background-image: url(https:\/\/www.adlervia.com\/wp-content\/uploads\/2021\/03\/Website-header-1-2.png);\"><\/div>\r\n            <div class=\"auto-container\">\r\n                <div class=\"sec-title text-center\">\r\n                    <h2>AKO SA S NAMI SPOJI\u0164? <\/h2>\r\n                    <span class=\"text-decoration-two\"><\/span>\r\n                <\/div>\r\n                <div class=\"row\">\r\n                    <div class=\"col-lg-6\">\r\n                        <ul class=\"accordion-box mb-30\">\r\n                                                        <!--Accordion Block-->\r\n                            <li class=\"accordion block\">\r\n                                <div class=\"acc-btn \"><div class=\"icon-outer\"><span class=\"icon icon_plus flaticon-right\"><\/span> <span class=\"icon icon_minus flaticon-right\"><\/span><\/div>D\u00e1 sa s vami stretn\u00fa\u0165?<\/div>\r\n                                <div class=\"acc-content \">\r\n                                    <div class=\"content\">\r\n                                        <div class=\"text\">Ur\u010dite \u00e1no, nie v\u0161ak v mieste, kde je (iba administrat\u00edvne) s\u00eddlo spolo\u010dnosti. Stretnutie je mo\u017en\u00e9 po dohode v Tren\u010d\u00edne, v Bratislave, alebo online cez Google Meet.                                        <\/div>\r\n                                    <\/div>\r\n                                <\/div>\r\n                            <\/li>\r\n                                                        <!--Accordion Block-->\r\n                            <li class=\"accordion block\">\r\n                                <div class=\"acc-btn active\"><div class=\"icon-outer\"><span class=\"icon icon_plus flaticon-right\"><\/span> <span class=\"icon icon_minus flaticon-right\"><\/span><\/div>P\u00edsa\u0165 alebo vola\u0165?<\/div>\r\n                                <div class=\"acc-content current\">\r\n                                    <div class=\"content\">\r\n                                        <div class=\"text\">Ke\u010f\u017ee tvor\u00edme obsah aj \u0161kol\u00edme, sme \u010dasto v ter\u00e9ne alebo ponoren\u00ed do kreat\u00edvy. Telefon\u00e1t je teda pre n\u00e1s \u010dasto ru\u0161iv\u00fd. Lep\u0161ie urob\u00edte, ak nap\u00ed\u0161ete e-mail, alebo SMS a my sa v\u00e1m ozveme nazad.                                        <\/div>\r\n                                    <\/div>\r\n                                <\/div>\r\n                            <\/li>\r\n                                                        <!--Accordion Block-->\r\n                            <li class=\"accordion block\">\r\n                                <div class=\"acc-btn \"><div class=\"icon-outer\"><span class=\"icon icon_plus flaticon-right\"><\/span> <span class=\"icon icon_minus flaticon-right\"><\/span><\/div>\u010co ak sa chcem len poradi\u0165?<\/div>\r\n                                <div class=\"acc-content \">\r\n                                    <div class=\"content\">\r\n                                        <div class=\"text\">Na bezplatn\u00e9 konzult\u00e1cie, \u017eia\u013e, nem\u00e1me priestor. Ak v\u00e1s zauj\u00edma oblas\u0165 p\u00edsania a vyd\u00e1vania kn\u00edh, bezplatn\u00e9 inform\u00e1cie n\u00e1jdete na port\u00e1li www.opisani.sk, ktor\u00fd spoluzakladala na\u0161a founderka Ivica. \u010eakujeme za pochopenie.                                        <\/div>\r\n                                    <\/div>\r\n                                <\/div>\r\n                            <\/li>\r\n                                                    <\/ul>\r\n                    <\/div>\r\n                    <div class=\"col-lg-6\">\r\n                        <div class=\"author-info wrapper-box\">\r\n                            <div class=\"author-box\">\r\n                                <div class=\"image\"><img decoding=\"async\" src=\"https:\/\/www.adlervia.com\/wp-content\/uploads\/2021\/03\/Website-header-1-7.png\" alt=\"Awesome Image\"><\/div>\r\n                                <h4><\/h4>\r\n                                <div class=\"phone-number\"><\/div>\r\n                            <\/div>\r\n                            <div class=\"mail\"><a href=\"mailto:\">Send mail on: <\/a><\/div>\r\n                            <ul class=\"list\">\r\n                                \t\t\t\t\t\t\t\t                                <li><\/li>\r\n                                                            <\/ul>\r\n                            <a href=\"\" class=\"read-more-link\"> <i class=\"flaticon-right\"><\/i><\/a>\r\n                            <div class=\"question-icon\"><img decoding=\"async\" src=\"https:\/\/www.adlervia.com\/wp-content\/themes\/envolve%20-%20wordpress%20te%CC%81ma\/assets\/images\/icons\/icon-36.png\" alt=\"\"><\/div>\r\n                        <\/div>\r\n                    <\/div>\r\n                <\/div>\r\n            <\/div>\r\n        <\/section>\r\n        \r\n\t\t\t\t<\/div>\n\t\t\t\t<\/div>\n\t\t\t\t<div class=\"elementor-element elementor-element-dd84387 elementor-widget elementor-widget-spacer\" data-id=\"dd84387\" data-element_type=\"widget\" data-widget_type=\"spacer.default\">\n\t\t\t\t<div class=\"elementor-widget-container\">\n\t\t\t\t\t<div class=\"elementor-spacer\">\n\t\t\t<div class=\"elementor-spacer-inner\"><\/div>\n\t\t<\/div>\n\t\t\t\t<\/div>\n\t\t\t\t<\/div>\n\t\t\t\t<div class=\"elementor-element elementor-element-96dd072 elementor-widget elementor-widget-envolve_contact_info_v4\" data-id=\"96dd072\" data-element_type=\"widget\" data-widget_type=\"envolve_contact_info_v4.default\">\n\t\t\t\t<div class=\"elementor-widget-container\">\n\t\t\t        \r\n        <section class=\"heighlight-section\">\r\n            <div class=\"auto-container\">\r\n                <div class=\"row\">\r\n                                        <div class=\"col-lg-4 heighlight-block\">\r\n                        <div class=\"inner-box\">\r\n                            <div class=\"icon\"><img decoding=\"async\" src=\"https:\/\/www.adlervia.com\/wp-content\/uploads\/2021\/03\/3.png\" alt=\"Awesome Image\"><\/div>\r\n                            <h4>Nap\u00ed\u0161te n\u00e1m na:<\/h4>\r\n                            <div class=\"text\">ivica.duricova@adlervia.com<\/div>\r\n                            <div class=\"link-btn\"><a href=\"https:\/\/www.adlervia.com\/index.php\/o-agenture\/\" class=\"theme-btn btn-style-two\"><span class=\"btn-title\">KTO JE IVICA?<\/span><\/a><\/div>\r\n                        <\/div>\r\n                    <\/div>\r\n                                        <div class=\"col-lg-4 heighlight-block\">\r\n                        <div class=\"inner-box\">\r\n                            <div class=\"icon\"><img decoding=\"async\" src=\"https:\/\/www.adlervia.com\/wp-content\/uploads\/2021\/03\/2.png\" alt=\"Awesome Image\"><\/div>\r\n                            <h4>Zavolajte n\u00e1m:<\/h4>\r\n                            <div class=\"text\">+421 904 290 789<\/div>\r\n                            <div class=\"link-btn\"><a href=\"https:\/\/www.adlervia.com\/index.php\/2021\/03\/08\/preco-neradi-telefonujeme\/\" class=\"theme-btn btn-style-two\"><span class=\"btn-title\">LEN V PR\u00cdPADE N\u00daDZE \ud83d\ude42<\/span><\/a><\/div>\r\n                        <\/div>\r\n                    <\/div>\r\n                                        <div class=\"col-lg-4 heighlight-block\">\r\n                        <div class=\"inner-box\">\r\n                            <div class=\"icon\"><img decoding=\"async\" src=\"https:\/\/www.adlervia.com\/wp-content\/uploads\/2021\/03\/1.png\" alt=\"Awesome Image\"><\/div>\r\n                            <h4>Faktura\u010dn\u00e9 \u00fadaje:<\/h4>\r\n                            <div class=\"text\">Adlervia s.r.o., Bytovky 479\/1, 018 64 Ko\u0161eca I\u010cO: 45525587 DI\u010c: 2023027325<\/div>\r\n                            <div class=\"link-btn\"><a href=\"https:\/\/orsr.sk\/vypis.asp?ID=179568&#038;SID=6&#038;P=0\" class=\"theme-btn btn-style-two\"><span class=\"btn-title\">Z\u00c1PIS V ORSR<\/span><\/a><\/div>\r\n                        <\/div>\r\n                    <\/div>\r\n                                    <\/div>\r\n            <\/div>\r\n        <\/section>\r\n        \r\n\t\t\t\t<\/div>\n\t\t\t\t<\/div>\n\t\t\t\t\t<\/div>\n\t\t<\/div>\n\t\t\t\t\t\t\t<\/div>\n\t\t<\/section>\n\t\t\t\t<section class=\"elementor-section elementor-top-section elementor-element elementor-element-e5a984c elementor-section-boxed elementor-section-height-default elementor-section-height-default\" data-id=\"e5a984c\" data-element_type=\"section\">\n\t\t\t\t\t\t<div class=\"elementor-container elementor-column-gap-default\">\n\t\t\t\t\t<div class=\"elementor-column elementor-col-100 elementor-top-column elementor-element elementor-element-e31abd9\" data-id=\"e31abd9\" data-element_type=\"column\">\n\t\t\t<div class=\"elementor-widget-wrap\">\n\t\t\t\t\t\t\t\t\t<\/div>\n\t\t<\/div>\n\t\t\t\t\t\t\t<\/div>\n\t\t<\/section>\n\t\t\t\t\t\t<\/div>\n\t\t\t\t\t<\/div>\n\t\t","protected":false},"excerpt":{"rendered":"<p>AKO SA S NAMI SPOJI\u0164? D\u00e1 sa s vami stretn\u00fa\u0165? Ur\u010dite \u00e1no, nie v\u0161ak v mieste, kde je (iba administrat\u00edvne) s\u00eddlo spolo\u010dnosti. Stretnutie je mo\u017en\u00e9 po dohode v Tren\u010d\u00edne, v Bratislave, alebo online cez Google Meet. P\u00edsa\u0165 alebo vola\u0165? Ke\u010f\u017ee tvor\u00edme obsah aj \u0161kol\u00edme, sme \u010dasto v ter\u00e9ne alebo ponoren\u00ed do kreat\u00edvy. Telefon\u00e1t je teda [&hellip;]<\/p>\n","protected":false},"author":1,"featured_media":0,"parent":0,"menu_order":0,"comment_status":"closed","ping_status":"closed","template":"","meta":{"footnotes":""},"class_list":["post-301","page","type-page","status-publish","hentry"],"_links":{"self":[{"href":"https:\/\/www.adlervia.com\/index.php\/wp-json\/wp\/v2\/pages\/301","targetHints":{"allow":["GET"]}}],"collection":[{"href":"https:\/\/www.adlervia.com\/index.php\/wp-json\/wp\/v2\/pages"}],"about":[{"href":"https:\/\/www.adlervia.com\/index.php\/wp-json\/wp\/v2\/types\/page"}],"author":[{"embeddable":true,"href":"https:\/\/www.adlervia.com\/index.php\/wp-json\/wp\/v2\/users\/1"}],"replies":[{"embeddable":true,"href":"https:\/\/www.adlervia.com\/index.php\/wp-json\/wp\/v2\/comments?post=301"}],"version-history":[{"count":85,"href":"https:\/\/www.adlervia.com\/index.php\/wp-json\/wp\/v2\/pages\/301\/revisions"}],"predecessor-version":[{"id":1505,"href":"https:\/\/www.adlervia.com\/index.php\/wp-json\/wp\/v2\/pages\/301\/revisions\/1505"}],"wp:attachment":[{"href":"https:\/\/www.adlervia.com\/index.php\/wp-json\/wp\/v2\/media?parent=301"}],"curies":[{"name":"wp","href":"https:\/\/api.w.org\/{rel}","templated":true}]}}