{"id":95,"date":"2021-03-09T13:49:56","date_gmt":"2021-03-09T12:49:56","guid":{"rendered":"https:\/\/www.adlervia.com\/?page_id=95"},"modified":"2021-03-24T00:38:08","modified_gmt":"2021-03-23T23:38:08","slug":"brandingova-konzultacia","status":"publish","type":"page","link":"https:\/\/www.adlervia.com\/index.php\/brandingova-konzultacia\/","title":{"rendered":"NAMINGOV\u00c1 KONZULT\u00c1CIA"},"content":{"rendered":"\t\t<div data-elementor-type=\"wp-page\" data-elementor-id=\"95\" class=\"elementor elementor-95\" data-elementor-settings=\"[]\">\n\t\t\t\t\t\t\t<div class=\"elementor-section-wrap\">\n\t\t\t\t\t\t\t<section class=\"elementor-section elementor-top-section elementor-element elementor-element-18b15e0 elementor-section-boxed elementor-section-height-default elementor-section-height-default\" data-id=\"18b15e0\" data-element_type=\"section\">\n\t\t\t\t\t\t<div class=\"elementor-container elementor-column-gap-default\">\n\t\t\t\t\t<div class=\"elementor-column elementor-col-100 elementor-top-column elementor-element elementor-element-71bf16c\" data-id=\"71bf16c\" data-element_type=\"column\">\n\t\t\t<div class=\"elementor-widget-wrap elementor-element-populated\">\n\t\t\t\t\t\t\t\t<section class=\"elementor-section elementor-inner-section elementor-element elementor-element-90fed91 elementor-section-boxed elementor-section-height-default elementor-section-height-default\" data-id=\"90fed91\" data-element_type=\"section\">\n\t\t\t\t\t\t<div class=\"elementor-container elementor-column-gap-default\">\n\t\t\t\t\t<div class=\"elementor-column elementor-col-50 elementor-inner-column elementor-element elementor-element-dc185e2\" data-id=\"dc185e2\" data-element_type=\"column\">\n\t\t\t<div class=\"elementor-widget-wrap elementor-element-populated\">\n\t\t\t\t\t\t\t\t<div class=\"elementor-element elementor-element-f664b7a elementor-widget elementor-widget-text-editor\" data-id=\"f664b7a\" data-element_type=\"widget\" data-widget_type=\"text-editor.default\">\n\t\t\t\t<div class=\"elementor-widget-container\">\n\t\t\t\t\t\t\t\t<h1><strong><span style=\"font-size: 40px;\">Namingov\u00e1 konzult\u00e1cia<\/span><\/strong><\/h1><p>\u00a0<\/p><p>M\u00e1te u\u017e n\u00e1zov firmy, ale <strong>nie ste si ist\u00ed<\/strong>, \u010di bude fungova\u0165?\u00a0<\/p><p>Nem\u00e1te <strong>sk\u00fasenosti s overovan\u00edm n\u00e1vrhov<\/strong> v obchodnom registri, v registri ochrann\u00fdch zn\u00e1mok, z h\u013eadiska dostupnosti dom\u00e9ny a custom URL linkov na soci\u00e1lnych sie\u0165ach, \u010di celkovo na internete?<\/p><p>Spo\u013eahnite sa na n\u00e1s. Objednajte si konzult\u00e1ciu s expertom, <strong>pripravte si va\u0161e doteraj\u0161ie n\u00e1vrhy<\/strong> a <strong>spolo\u010dne ich zhodnot\u00edme<\/strong>.\u00a0<\/p>\t\t\t\t\t\t<\/div>\n\t\t\t\t<\/div>\n\t\t\t\t\t<\/div>\n\t\t<\/div>\n\t\t\t\t<div class=\"elementor-column elementor-col-50 elementor-inner-column elementor-element elementor-element-c67f865\" data-id=\"c67f865\" data-element_type=\"column\">\n\t\t\t<div class=\"elementor-widget-wrap elementor-element-populated\">\n\t\t\t\t\t\t\t\t<div class=\"elementor-element elementor-element-22e0f24 elementor-widget elementor-widget-heading\" data-id=\"22e0f24\" data-element_type=\"widget\" data-widget_type=\"heading.default\">\n\t\t\t\t<div class=\"elementor-widget-container\">\n\t\t\t<h2 class=\"elementor-heading-title elementor-size-default\">Pre\u010do vyu\u017ei\u0165 konzult\u00e1ciu?<\/h2>\t\t<\/div>\n\t\t\t\t<\/div>\n\t\t\t\t<div class=\"elementor-element elementor-element-aba4f2d elementor-icon-list--layout-traditional elementor-list-item-link-full_width elementor-widget elementor-widget-icon-list\" data-id=\"aba4f2d\" data-element_type=\"widget\" data-widget_type=\"icon-list.default\">\n\t\t\t\t<div class=\"elementor-widget-container\">\n\t\t\t\t\t<ul class=\"elementor-icon-list-items\">\n\t\t\t\t\t\t\t<li class=\"elementor-icon-list-item\">\n\t\t\t\t\t\t\t\t\t\t\t<span class=\"elementor-icon-list-icon\">\n\t\t\t\t\t\t\t<i aria-hidden=\"true\" class=\"fas fa-check\"><\/i>\t\t\t\t\t\t<\/span>\n\t\t\t\t\t\t\t\t\t\t<span class=\"elementor-icon-list-text\">z\u00edskate n\u00e1zor experta na naming a branding<\/span>\n\t\t\t\t\t\t\t\t\t<\/li>\n\t\t\t\t\t\t\t\t<li class=\"elementor-icon-list-item\">\n\t\t\t\t\t\t\t\t\t\t\t<span class=\"elementor-icon-list-icon\">\n\t\t\t\t\t\t\t<i aria-hidden=\"true\" class=\"fas fa-check\"><\/i>\t\t\t\t\t\t<\/span>\n\t\t\t\t\t\t\t\t\t\t<span class=\"elementor-icon-list-text\">objav\u00edte krit\u00e9ri\u00e1 dobr\u00e9ho n\u00e1zvu a va\u0161e n\u00e1vrhy spolu s expertom podrob\u00edte praktick\u00e9mu checklistu<\/span>\n\t\t\t\t\t\t\t\t\t<\/li>\n\t\t\t\t\t\t\t\t<li class=\"elementor-icon-list-item\">\n\t\t\t\t\t\t\t\t\t\t\t<span class=\"elementor-icon-list-icon\">\n\t\t\t\t\t\t\t<i aria-hidden=\"true\" class=\"fas fa-check\"><\/i>\t\t\t\t\t\t<\/span>\n\t\t\t\t\t\t\t\t\t\t<span class=\"elementor-icon-list-text\">expert v\u00e1m pom\u00f4\u017ee overi\u0165 dostupnos\u0165 dom\u00e9n a takisto dostupnos\u0165 va\u0161ich n\u00e1vrhov v obchodnom registri \u010di v registri ochrann\u00fdch zn\u00e1mok<\/span>\n\t\t\t\t\t\t\t\t\t<\/li>\n\t\t\t\t\t\t\t\t<li class=\"elementor-icon-list-item\">\n\t\t\t\t\t\t\t\t\t\t\t<span class=\"elementor-icon-list-icon\">\n\t\t\t\t\t\t\t<i aria-hidden=\"true\" class=\"fas fa-check\"><\/i>\t\t\t\t\t\t<\/span>\n\t\t\t\t\t\t\t\t\t\t<span class=\"elementor-icon-list-text\">z\u00edskate celkov\u00fd poh\u013ead na branding va\u0161ej firmy<\/span>\n\t\t\t\t\t\t\t\t\t<\/li>\n\t\t\t\t\t\t\t\t<li class=\"elementor-icon-list-item\">\n\t\t\t\t\t\t\t\t\t\t\t<span class=\"elementor-icon-list-icon\">\n\t\t\t\t\t\t\t<i aria-hidden=\"true\" class=\"fas fa-times\"><\/i>\t\t\t\t\t\t<\/span>\n\t\t\t\t\t\t\t\t\t\t<span class=\"elementor-icon-list-text\">vyhnete sa \u010dast\u00fdm chyb\u00e1m pri tvorbe n\u00e1zvu firmy<\/span>\n\t\t\t\t\t\t\t\t\t<\/li>\n\t\t\t\t\t\t\t\t<li class=\"elementor-icon-list-item\">\n\t\t\t\t\t\t\t\t\t\t\t<span class=\"elementor-icon-list-icon\">\n\t\t\t\t\t\t\t<i aria-hidden=\"true\" class=\"fas fa-times\"><\/i>\t\t\t\t\t\t<\/span>\n\t\t\t\t\t\t\t\t\t\t<span class=\"elementor-icon-list-text\">nezvol\u00edte si n\u00e1zov, pre ktor\u00fd by v\u00e1s nesk\u00f4r mohla konkurencia \u017ealova\u0165<\/span>\n\t\t\t\t\t\t\t\t\t<\/li>\n\t\t\t\t\t\t<\/ul>\n\t\t\t\t<\/div>\n\t\t\t\t<\/div>\n\t\t\t\t<div class=\"elementor-element elementor-element-2dad83c elementor-widget elementor-widget-text-editor\" data-id=\"2dad83c\" data-element_type=\"widget\" data-widget_type=\"text-editor.default\">\n\t\t\t\t<div class=\"elementor-widget-container\">\n\t\t\t\t\t\t\t\t\t\t\t\t\t\t<\/div>\n\t\t\t\t<\/div>\n\t\t\t\t\t<\/div>\n\t\t<\/div>\n\t\t\t\t\t\t\t<\/div>\n\t\t<\/section>\n\t\t\t\t<div class=\"elementor-element elementor-element-c6a9d1a elementor-widget elementor-widget-text-editor\" data-id=\"c6a9d1a\" data-element_type=\"widget\" data-widget_type=\"text-editor.default\">\n\t\t\t\t<div class=\"elementor-widget-container\">\n\t\t\t\t\t\t\t\t\t\t\t\t\t\t<\/div>\n\t\t\t\t<\/div>\n\t\t\t\t\t<\/div>\n\t\t<\/div>\n\t\t\t\t\t\t\t<\/div>\n\t\t<\/section>\n\t\t\t\t<section class=\"elementor-section elementor-top-section elementor-element elementor-element-e51df3a elementor-section-boxed elementor-section-height-default elementor-section-height-default\" data-id=\"e51df3a\" data-element_type=\"section\">\n\t\t\t\t\t\t<div class=\"elementor-container elementor-column-gap-default\">\n\t\t\t\t\t<div class=\"elementor-column elementor-col-100 elementor-top-column elementor-element elementor-element-ef23f76\" data-id=\"ef23f76\" data-element_type=\"column\">\n\t\t\t<div class=\"elementor-widget-wrap elementor-element-populated\">\n\t\t\t\t\t\t\t\t<div class=\"elementor-element elementor-element-e265536 elementor-widget elementor-widget-envolve_our_approach\" data-id=\"e265536\" data-element_type=\"widget\" data-widget_type=\"envolve_our_approach.default\">\n\t\t\t\t<div class=\"elementor-widget-container\">\n\t\t\t        \r\n        <!-- Why Choose Us Section Three -->\r\n        <section class=\"why-choose-us-section-three\">\r\n            <div class=\"auto-container\">\r\n                <div class=\"sec-title text-center\">\r\n                    <h2>AKO FUNGUJE NAMINGOV\u00c1 KONZULT\u00c1CIA?<\/h2>\r\n                    <div class=\"text-decoration\">\r\n                        <span class=\"left\"><\/span>\r\n                        <span class=\"right\"><\/span>\r\n                    <\/div>\r\n                <\/div>\r\n                <div class=\"wrapper-box\">\r\n                    <div class=\"outer-box\">\r\n                        <div class=\"row m-0\">\r\n                                                        <div class=\"col-lg-4 col-md-6 whay-choose-block\">\r\n                                <div class=\"inner-box\">\r\n                                    <div class=\"icon\"><span class=\"fa fa-envelope\"><\/span><\/div>\r\n                                    <h4>Objedn\u00e1vka slu\u017eby<\/h4>\r\n                                    <div class=\"text\">Ozvite sa n\u00e1m e-mailom a nap\u00ed\u0161te, ak\u00e9 term\u00edny a \u010dasy v\u00e1m vyhovuj\u00fa<\/div>\r\n                                <\/div>                        \r\n                            <\/div>\r\n                                                        <div class=\"col-lg-4 col-md-6 whay-choose-block\">\r\n                                <div class=\"inner-box\">\r\n                                    <div class=\"icon\"><span class=\"fa fa-arrow-alt-circle-left\"><\/span><\/div>\r\n                                    <h4>Zaslanie n\u00e1vrhov<\/h4>\r\n                                    <div class=\"text\">Po\u0161lete n\u00e1m n\u00e1vrhy, ktor\u00e9 si pre\u0161tudujeme e\u0161te pred konzult\u00e1ciou<\/div>\r\n                                <\/div>                        \r\n                            <\/div>\r\n                                                        <div class=\"col-lg-4 col-md-6 whay-choose-block\">\r\n                                <div class=\"inner-box\">\r\n                                    <div class=\"icon\"><span class=\"fa fa-euro-sign\"><\/span><\/div>\r\n                                    <h4>Faktur\u00e1cia a \u00fahrada<\/h4>\r\n                                    <div class=\"text\">Vystav\u00edme v\u00e1m fakt\u00faru a po jej zaplaten\u00ed si potvrd\u00edme term\u00edn konzult\u00e1cie<\/div>\r\n                                <\/div>                        \r\n                            <\/div>\r\n                                                        <div class=\"col-lg-4 col-md-6 whay-choose-block\">\r\n                                <div class=\"inner-box\">\r\n                                    <div class=\"icon\"><span class=\"fa fa-globe\"><\/span><\/div>\r\n                                    <h4>Konzult\u00e1cia online<\/h4>\r\n                                    <div class=\"text\">Konzult\u00e1cia prebehne cez Skype, MS Teams alebo zoom<\/div>\r\n                                <\/div>                        \r\n                            <\/div>\r\n                                                        <div class=\"col-lg-4 col-md-6 whay-choose-block\">\r\n                                <div class=\"inner-box\">\r\n                                    <div class=\"icon\"><span class=\"fa fa-question\"><\/span><\/div>\r\n                                    <h4>Pre a proti<\/h4>\r\n                                    <div class=\"text\">Po\u010das konzult\u00e1cie v\u00e1m expert porad\u00ed, \u010di n\u00e1vrhy vyhovuj\u00fa krit\u00e9ri\u00e1m a bud\u00fa fungova\u0165<\/div>\r\n                                <\/div>                        \r\n                            <\/div>\r\n                                                        <div class=\"col-lg-4 col-md-6 whay-choose-block\">\r\n                                <div class=\"inner-box\">\r\n                                    <div class=\"icon\"><span class=\"fa fa-trademark\"><\/span><\/div>\r\n                                    <h4>Overenie a odpor\u00fa\u010danie<\/h4>\r\n                                    <div class=\"text\">Spolu s expertom si over\u00edte dostupnos\u0165 ochrannej zn\u00e1mky \u010di dom\u00e9n<\/div>\r\n                                <\/div>                        \r\n                            <\/div>\r\n                                                    <\/div>\r\n                    <\/div>\r\n                <\/div>\r\n            <\/div>\r\n        <\/section>\r\n        \r\n\t\t\t\t<\/div>\n\t\t\t\t<\/div>\n\t\t\t\t\t<\/div>\n\t\t<\/div>\n\t\t\t\t\t\t\t<\/div>\n\t\t<\/section>\n\t\t\t\t<section class=\"elementor-section elementor-top-section elementor-element elementor-element-0b8b058 elementor-section-boxed elementor-section-height-default elementor-section-height-default\" data-id=\"0b8b058\" data-element_type=\"section\">\n\t\t\t\t\t\t<div class=\"elementor-container elementor-column-gap-default\">\n\t\t\t\t\t<div class=\"elementor-column elementor-col-100 elementor-top-column elementor-element elementor-element-d3a8c61\" data-id=\"d3a8c61\" data-element_type=\"column\">\n\t\t\t<div class=\"elementor-widget-wrap elementor-element-populated\">\n\t\t\t\t\t\t\t\t<div class=\"elementor-element elementor-element-17925f4 elementor-widget elementor-widget-envolve_call_to_action_v2\" data-id=\"17925f4\" data-element_type=\"widget\" data-widget_type=\"envolve_call_to_action_v2.default\">\n\t\t\t\t<div class=\"elementor-widget-container\">\n\t\t\t        \r\n        <!-- CTA Section Two -->\r\n        <section class=\"cta-section-two \" style=\"background-image: url(https:\/\/www.adlervia.com\/wp-content\/uploads\/2021\/03\/Website-header-1.png);\">\r\n            <div class=\"auto-container\">\r\n                <div class=\"row align-items-center\">\r\n                    <div class=\"col-lg-7\">\r\n                        <h2><span class=\"fa fa-euro-sign\"><\/span>CENA - 100 \u20ac       \n(trvanie 1hod)<\/h2>\r\n                    <\/div>\r\n                    <div class=\"col-lg-5\">\r\n                        <div class=\"wrapper-box\">\r\n                            <div class=\"contact-info\">\r\n                                <div class=\"icon\"><span class=\"flaticon-call-1\"><\/span><\/div>\r\n                                <h4> <\/h4>\r\n                                <div class=\"text\"><\/div>\r\n                            <\/div>\r\n                            <a href=\"https:\/\/www.adlervia.com\/index.php\/kontakt\/\" class=\"theme-btn  btn-style-four\"><span class=\"btn-title\">OBJEDNA\u0164 KONZULT\u00c1CIU<\/span><\/a>\r\n                        <\/div>                        \r\n                    <\/div>\r\n                <\/div>\r\n            <\/div>\r\n        <\/section>\r\n        \r\n\t\t\t\t<\/div>\n\t\t\t\t<\/div>\n\t\t\t\t\t<\/div>\n\t\t<\/div>\n\t\t\t\t\t\t\t<\/div>\n\t\t<\/section>\n\t\t\t\t\t\t<\/div>\n\t\t\t\t\t<\/div>\n\t\t","protected":false},"excerpt":{"rendered":"<p>Namingov\u00e1 konzult\u00e1cia M\u00e1te u\u017e n\u00e1zov firmy, ale nie ste si ist\u00ed, \u010di bude fungova\u0165?&nbsp; Nem\u00e1te sk\u00fasenosti s overovan\u00edm n\u00e1vrhov v obchodnom registri, v registri ochrann\u00fdch zn\u00e1mok, z h\u013eadiska dostupnosti dom\u00e9ny a custom URL linkov na soci\u00e1lnych sie\u0165ach, \u010di celkovo na internete? Spo\u013eahnite sa na n\u00e1s. Objednajte si konzult\u00e1ciu s expertom, pripravte si va\u0161e doteraj\u0161ie n\u00e1vrhy [&hellip;]<\/p>\n","protected":false},"author":1,"featured_media":0,"parent":0,"menu_order":0,"comment_status":"closed","ping_status":"closed","template":"","meta":{"footnotes":""},"class_list":["post-95","page","type-page","status-publish","hentry"],"_links":{"self":[{"href":"https:\/\/www.adlervia.com\/index.php\/wp-json\/wp\/v2\/pages\/95","targetHints":{"allow":["GET"]}}],"collection":[{"href":"https:\/\/www.adlervia.com\/index.php\/wp-json\/wp\/v2\/pages"}],"about":[{"href":"https:\/\/www.adlervia.com\/index.php\/wp-json\/wp\/v2\/types\/page"}],"author":[{"embeddable":true,"href":"https:\/\/www.adlervia.com\/index.php\/wp-json\/wp\/v2\/users\/1"}],"replies":[{"embeddable":true,"href":"https:\/\/www.adlervia.com\/index.php\/wp-json\/wp\/v2\/comments?post=95"}],"version-history":[{"count":65,"href":"https:\/\/www.adlervia.com\/index.php\/wp-json\/wp\/v2\/pages\/95\/revisions"}],"predecessor-version":[{"id":539,"href":"https:\/\/www.adlervia.com\/index.php\/wp-json\/wp\/v2\/pages\/95\/revisions\/539"}],"wp:attachment":[{"href":"https:\/\/www.adlervia.com\/index.php\/wp-json\/wp\/v2\/media?parent=95"}],"curies":[{"name":"wp","href":"https:\/\/api.w.org\/{rel}","templated":true}]}}