{"id":969,"date":"2021-05-05T00:35:52","date_gmt":"2021-05-04T22:35:52","guid":{"rendered":"https:\/\/www.adlervia.com\/?page_id=969"},"modified":"2024-04-16T00:06:43","modified_gmt":"2024-04-15T22:06:43","slug":"domov","status":"publish","type":"page","link":"https:\/\/www.adlervia.com\/","title":{"rendered":"Domov"},"content":{"rendered":"\t\t<div data-elementor-type=\"wp-page\" data-elementor-id=\"969\" class=\"elementor elementor-969\" data-elementor-settings=\"[]\">\n\t\t\t\t\t\t\t<div class=\"elementor-section-wrap\">\n\t\t\t\t\t\t\t<section class=\"elementor-section elementor-top-section elementor-element elementor-element-0e89943 elementor-section-boxed elementor-section-height-default elementor-section-height-default\" data-id=\"0e89943\" data-element_type=\"section\">\n\t\t\t\t\t\t<div class=\"elementor-container elementor-column-gap-default\">\n\t\t\t\t\t<div class=\"elementor-column elementor-col-100 elementor-top-column elementor-element elementor-element-532e0b8\" data-id=\"532e0b8\" data-element_type=\"column\">\n\t\t\t<div class=\"elementor-widget-wrap elementor-element-populated\">\n\t\t\t\t\t\t\t\t<div class=\"elementor-element elementor-element-3d484f8 elementor-arrows-position-inside elementor-pagination-position-outside elementor-widget elementor-widget-image-carousel\" data-id=\"3d484f8\" data-element_type=\"widget\" data-settings=\"{&quot;slides_to_show&quot;:&quot;1&quot;,&quot;navigation&quot;:&quot;both&quot;,&quot;autoplay&quot;:&quot;yes&quot;,&quot;pause_on_hover&quot;:&quot;yes&quot;,&quot;pause_on_interaction&quot;:&quot;yes&quot;,&quot;autoplay_speed&quot;:5000,&quot;infinite&quot;:&quot;yes&quot;,&quot;effect&quot;:&quot;slide&quot;,&quot;speed&quot;:500}\" data-widget_type=\"image-carousel.default\">\n\t\t\t\t<div class=\"elementor-widget-container\">\n\t\t\t\t\t<div class=\"elementor-image-carousel-wrapper swiper-container\" dir=\"ltr\">\n\t\t\t<div class=\"elementor-image-carousel swiper-wrapper swiper-image-stretch\">\n\t\t\t\t<div class=\"swiper-slide\"><figure class=\"swiper-slide-inner\"><img decoding=\"async\" class=\"swiper-slide-image\" src=\"https:\/\/www.adlervia.com\/wp-content\/uploads\/2024\/04\/HLAVICKA-HOMEPAGE-1-1.png\" alt=\"\" \/><\/figure><\/div><div class=\"swiper-slide\"><figure class=\"swiper-slide-inner\"><img decoding=\"async\" class=\"swiper-slide-image\" src=\"https:\/\/www.adlervia.com\/wp-content\/uploads\/2024\/04\/HLAVICKA-HOMEPAGE-3.png\" alt=\"\" \/><\/figure><\/div><div class=\"swiper-slide\"><figure class=\"swiper-slide-inner\"><img decoding=\"async\" class=\"swiper-slide-image\" src=\"https:\/\/www.adlervia.com\/wp-content\/uploads\/2024\/04\/HLAVICKA-HOMEPAGE-2.png\" alt=\"\" \/><\/figure><\/div><div class=\"swiper-slide\"><figure class=\"swiper-slide-inner\"><img decoding=\"async\" class=\"swiper-slide-image\" src=\"https:\/\/www.adlervia.com\/wp-content\/uploads\/2024\/04\/HLAVICKA-HOMEPAGE-4.png\" alt=\"\" \/><\/figure><\/div>\t\t\t<\/div>\n\t\t\t\t\t\t\t\t\t\t\t\t<div class=\"swiper-pagination\"><\/div>\n\t\t\t\t\t\t\t\t\t\t\t\t\t<div class=\"elementor-swiper-button elementor-swiper-button-prev\">\n\t\t\t\t\t\t<i class=\"eicon-chevron-left\" aria-hidden=\"true\"><\/i>\n\t\t\t\t\t\t<span class=\"elementor-screen-only\">Predo\u0161l\u00e9<\/span>\n\t\t\t\t\t<\/div>\n\t\t\t\t\t<div class=\"elementor-swiper-button elementor-swiper-button-next\">\n\t\t\t\t\t\t<i class=\"eicon-chevron-right\" aria-hidden=\"true\"><\/i>\n\t\t\t\t\t\t<span class=\"elementor-screen-only\">\u010eal\u0161ie<\/span>\n\t\t\t\t\t<\/div>\n\t\t\t\t\t\t\t\t\t<\/div>\n\t\t\t\t<\/div>\n\t\t\t\t<\/div>\n\t\t\t\t<div class=\"elementor-element elementor-element-9ea7802 elementor-widget elementor-widget-spacer\" data-id=\"9ea7802\" data-element_type=\"widget\" data-widget_type=\"spacer.default\">\n\t\t\t\t<div class=\"elementor-widget-container\">\n\t\t\t\t\t<div class=\"elementor-spacer\">\n\t\t\t<div class=\"elementor-spacer-inner\"><\/div>\n\t\t<\/div>\n\t\t\t\t<\/div>\n\t\t\t\t<\/div>\n\t\t\t\t<div class=\"elementor-element elementor-element-4ed6085 elementor-widget elementor-widget-heading\" data-id=\"4ed6085\" data-element_type=\"widget\" data-widget_type=\"heading.default\">\n\t\t\t\t<div class=\"elementor-widget-container\">\n\t\t\t<h1 class=\"elementor-heading-title elementor-size-xl\"><b>ADLERVIA | marketingov\u00e1 agent\u00fara<\/b><\/h1>\t\t<\/div>\n\t\t\t\t<\/div>\n\t\t\t\t<div class=\"elementor-element elementor-element-c59302c elementor-widget elementor-widget-text-editor\" data-id=\"c59302c\" data-element_type=\"widget\" data-widget_type=\"text-editor.default\">\n\t\t\t\t<div class=\"elementor-widget-container\">\n\t\t\t\t\t\t\t\t<p><em><strong>Pr\u00edbehy pred\u00e1vaj\u00fa.<\/strong><\/em><br \/>Pokojne si t\u00fato fr\u00e1zu nech\u00e1me vytetova\u0165 na \u010delo, tak ve\u013emi jej ver\u00edme.<\/p><p>Aj preto sa zameriavame najm\u00e4 na <strong>obsahov\u00fd marketing zalo\u017een\u00fd na storytellingu<\/strong>.<\/p><p>Preto\u017ee dobr\u00fd pr\u00edbeh funguje v\u0161ade. Podria\u010fuj\u00fa sa mu <strong>soci\u00e1lne siete, branding a naming<\/strong>, copywriting a v neposlednom rade aj <strong>kni\u017en\u00fd marketing<\/strong>. S t\u00fdmto v\u0161etk\u00fdm v\u00e1m radi pom\u00f4\u017eeme.<\/p><p>Sme <strong>na trhu viac ako 10 rokov<\/strong> a m\u00e1me <strong>stovky spokojn\u00fdch klientov<\/strong>. Milujeme rozpr\u00e1va\u0165 pr\u00edbehy \u00faspe\u0161n\u00fdch zna\u010diek. Pridajte sa nim aj vy.<\/p>\t\t\t\t\t\t<\/div>\n\t\t\t\t<\/div>\n\t\t\t\t<div class=\"elementor-element elementor-element-6994262 elementor-widget elementor-widget-envolve_feature_services_v2\" data-id=\"6994262\" data-element_type=\"widget\" data-widget_type=\"envolve_feature_services_v2.default\">\n\t\t\t\t<div class=\"elementor-widget-container\">\n\t\t\t        \r\n        <!-- Features Section Five -->\r\n        <section class=\"features-section-five\">\r\n            <div class=\"auto-container\">\r\n                <div class=\"sec-title style-four text-center\">\r\n                    <h2>NA\u0160E SLU\u017dBY<\/h2>\r\n                    <span class=\"text-decoration-two\"><\/span>\r\n                <\/div>\r\n                <div class=\"row\">\r\n                                        <div class=\"feature-block-five col-lg-3 col-md-6\">\r\n                        <div class=\"outer-box\">\r\n                            <div class=\"inner-box\">\r\n                                <div class=\"icon\"><img decoding=\"async\" src=\"https:\/\/www.adlervia.com\/wp-content\/uploads\/2024\/04\/Naming.png\" alt=\"item\"><\/div>\r\n                                <h4>Naming<\/h4>\r\n                                <div class=\"text\"><\/div>\r\n                                <a href=\"https:\/\/www.adlervia.com\/index.php\/naming\/\" class=\"read-more-link\"><i class=\"flaticon-right-arrow\"><\/i><\/a>\r\n                            <\/div>\r\n                        <\/div>\r\n                    <\/div>\r\n                                        <div class=\"feature-block-five col-lg-3 col-md-6\">\r\n                        <div class=\"outer-box\">\r\n                            <div class=\"inner-box\">\r\n                                <div class=\"icon\"><img decoding=\"async\" src=\"https:\/\/www.adlervia.com\/wp-content\/uploads\/2024\/04\/Socialne-siete.png\" alt=\"item\"><\/div>\r\n                                <h4>Soci\u00e1lne siete<\/h4>\r\n                                <div class=\"text\"><\/div>\r\n                                <a href=\"https:\/\/www.adlervia.com\/index.php\/skolenia\/\" class=\"read-more-link\"><i class=\"flaticon-right-arrow\"><\/i><\/a>\r\n                            <\/div>\r\n                        <\/div>\r\n                    <\/div>\r\n                                        <div class=\"feature-block-five col-lg-3 col-md-6\">\r\n                        <div class=\"outer-box\">\r\n                            <div class=\"inner-box\">\r\n                                <div class=\"icon\"><img decoding=\"async\" src=\"https:\/\/www.adlervia.com\/wp-content\/uploads\/2024\/04\/knizny-koucing.png\" alt=\"item\"><\/div>\r\n                                <h4>Kni\u017en\u00fd kou\u010ding<\/h4>\r\n                                <div class=\"text\"><\/div>\r\n                                <a href=\"https:\/\/www.adlervia.com\/index.php\/publishing\/\" class=\"read-more-link\"><i class=\"flaticon-right-arrow\"><\/i><\/a>\r\n                            <\/div>\r\n                        <\/div>\r\n                    <\/div>\r\n                                        <div class=\"feature-block-five col-lg-3 col-md-6\">\r\n                        <div class=\"outer-box\">\r\n                            <div class=\"inner-box\">\r\n                                <div class=\"icon\"><img decoding=\"async\" src=\"https:\/\/www.adlervia.com\/wp-content\/uploads\/2024\/04\/speaking.png\" alt=\"item\"><\/div>\r\n                                <h4>Speaking<\/h4>\r\n                                <div class=\"text\"><\/div>\r\n                                <a href=\"https:\/\/www.adlervia.com\/index.php\/public-speaking\/\" class=\"read-more-link\"><i class=\"flaticon-right-arrow\"><\/i><\/a>\r\n                            <\/div>\r\n                        <\/div>\r\n                    <\/div>\r\n                                    <\/div>\r\n                <div class=\"link-btn\"><a href=\"https:\/\/www.adlervia.com\/index.php\/o-agenture\/\" class=\"theme-btn btn-style-one\"><span class=\"btn-title\">Viac o n\u00e1s <i class=\"fa fa-caret-right\"><\/i><\/span><\/a><\/div>\r\n            <\/div>\r\n        <\/section>\r\n        \r\n\t\t\t\t<\/div>\n\t\t\t\t<\/div>\n\t\t\t\t\t<\/div>\n\t\t<\/div>\n\t\t\t\t\t\t\t<\/div>\n\t\t<\/section>\n\t\t\t\t<section class=\"elementor-section elementor-top-section elementor-element elementor-element-2e668df elementor-section-boxed elementor-section-height-default elementor-section-height-default\" data-id=\"2e668df\" data-element_type=\"section\">\n\t\t\t\t\t\t<div class=\"elementor-container elementor-column-gap-default\">\n\t\t\t\t\t\t\t\t<\/div>\n\t\t<\/section>\n\t\t\t\t<section class=\"elementor-section elementor-top-section elementor-element elementor-element-cc046df elementor-section-boxed elementor-section-height-default elementor-section-height-default\" data-id=\"cc046df\" data-element_type=\"section\">\n\t\t\t\t\t\t<div class=\"elementor-container elementor-column-gap-default\">\n\t\t\t\t\t<div class=\"elementor-column elementor-col-100 elementor-top-column elementor-element elementor-element-27aadbf\" data-id=\"27aadbf\" data-element_type=\"column\">\n\t\t\t<div class=\"elementor-widget-wrap elementor-element-populated\">\n\t\t\t\t\t\t\t\t<div class=\"elementor-element elementor-element-4c471c6 elementor-widget elementor-widget-envolve_funfacts\" data-id=\"4c471c6\" data-element_type=\"widget\" data-widget_type=\"envolve_funfacts.default\">\n\t\t\t\t<div class=\"elementor-widget-container\">\n\t\t\t        \t\r\n        <!-- Funfacts Section -->\r\n        <section class=\"funfacts-section\">\r\n            <div class=\"pattern\" style=\"background-image: url(https:\/\/www.adlervia.com\/wp-content\/uploads\/2021\/03\/Website-header-1.png);\"><\/div>\r\n            <div class=\"auto-container\">\r\n                <!-- Fact Counter -->\r\n                <div class=\"fact-counter\">\r\n                    <div class=\"row\">\r\n                                                <!--Column-->\r\n                        <div class=\"column counter-column col-lg-4\">\r\n                            <div class=\"inner wow fadeInLeft\" data-wow-delay=\"0ms\" data-wow-duration=\"1500ms\">\r\n                                <div class=\"content\">\r\n                                    <div class=\"icon-box\">\r\n                                        <div class=\"icon\">\r\n                                                                                \t<span class=\"d-icons fa fa-crown\"><\/span>\r\n                                                                                <\/div>\r\n                                        <div class=\"counter-title\">Po\u010det spokojn\u00fdch klientov <\/div>\r\n                                    <\/div>                                    \r\n                                    <div class=\"count-outer count-box\">\r\n                                        <span class=\"count-text\" data-speed=\"3000\" data-stop=\"396\">0<\/span><span><\/span>\r\n                                    <\/div>\r\n                                    <div class=\"text\"><\/div>\r\n                                <\/div>\r\n                            <\/div>\r\n                        <\/div>\r\n                        <!--Column-->\r\n                                                <!--Column-->\r\n                        <div class=\"column counter-column col-lg-4\">\r\n                            <div class=\"inner wow fadeInLeft\" data-wow-delay=\"0ms\" data-wow-duration=\"1500ms\">\r\n                                <div class=\"content\">\r\n                                    <div class=\"icon-box\">\r\n                                        <div class=\"icon\">\r\n                                                                                \t<span class=\"d-icons fa fa-book\"><\/span>\r\n                                                                                <\/div>\r\n                                        <div class=\"counter-title\">Po\u010det vydan\u00fdch kn\u00edh a e-kn\u00edh <\/div>\r\n                                    <\/div>                                    \r\n                                    <div class=\"count-outer count-box\">\r\n                                        <span class=\"count-text\" data-speed=\"3000\" data-stop=\"11\">0<\/span><span><\/span>\r\n                                    <\/div>\r\n                                    <div class=\"text\"><\/div>\r\n                                <\/div>\r\n                            <\/div>\r\n                        <\/div>\r\n                        <!--Column-->\r\n                                                <!--Column-->\r\n                        <div class=\"column counter-column col-lg-4\">\r\n                            <div class=\"inner wow fadeInLeft\" data-wow-delay=\"0ms\" data-wow-duration=\"1500ms\">\r\n                                <div class=\"content\">\r\n                                    <div class=\"icon-box\">\r\n                                        <div class=\"icon\">\r\n                                                                                \t<span class=\"d-icons fa fa-microphone\"><\/span>\r\n                                                                                <\/div>\r\n                                        <div class=\"counter-title\">Po\u010det \u0161kolen\u00ed a verejn\u00fdch vyst\u00fapen\u00ed<\/div>\r\n                                    <\/div>                                    \r\n                                    <div class=\"count-outer count-box\">\r\n                                        <span class=\"count-text\" data-speed=\"3000\" data-stop=\"45\">0<\/span><span><\/span>\r\n                                    <\/div>\r\n                                    <div class=\"text\"><\/div>\r\n                                <\/div>\r\n                            <\/div>\r\n                        <\/div>\r\n                        <!--Column-->\r\n                                           \r\n                    <\/div>\r\n                <\/div>\r\n            <\/div>\r\n        <\/section>\r\n        \r\n\t\t\t\t<\/div>\n\t\t\t\t<\/div>\n\t\t\t\t<div class=\"elementor-element elementor-element-f9dbc1b elementor-widget elementor-widget-envolve_our_approach\" data-id=\"f9dbc1b\" data-element_type=\"widget\" data-widget_type=\"envolve_our_approach.default\">\n\t\t\t\t<div class=\"elementor-widget-container\">\n\t\t\t        \r\n        <!-- Why Choose Us Section Three -->\r\n        <section class=\"why-choose-us-section-three\">\r\n            <div class=\"auto-container\">\r\n                <div class=\"sec-title text-center\">\r\n                    <h2>Pre\u010do Adlervia?<\/h2>\r\n                    <div class=\"text-decoration\">\r\n                        <span class=\"left\"><\/span>\r\n                        <span class=\"right\"><\/span>\r\n                    <\/div>\r\n                <\/div>\r\n                <div class=\"wrapper-box\">\r\n                    <div class=\"outer-box\">\r\n                        <div class=\"row m-0\">\r\n                                                        <div class=\"col-lg-4 col-md-6 whay-choose-block\">\r\n                                <div class=\"inner-box\">\r\n                                    <div class=\"icon\"><span class=\"fa fa-alarm-clock\"><\/span><\/div>\r\n                                    <h4>10 + rokov sk\u00fasenost\u00ed<\/h4>\r\n                                    <div class=\"text\">Na trhu od roku 2010<\/div>\r\n                                <\/div>                        \r\n                            <\/div>\r\n                                                        <div class=\"col-lg-4 col-md-6 whay-choose-block\">\r\n                                <div class=\"inner-box\">\r\n                                    <div class=\"icon\"><span class=\"fa fa-arrow-alt-square-up\"><\/span><\/div>\r\n                                    <h4>Relevantn\u00e9 v\u00fdsledky<\/h4>\r\n                                    <div class=\"text\">Hovor\u00ed za n\u00e1s na\u0161a pr\u00e1ca<\/div>\r\n                                <\/div>                        \r\n                            <\/div>\r\n                                                        <div class=\"col-lg-4 col-md-6 whay-choose-block\">\r\n                                <div class=\"inner-box\">\r\n                                    <div class=\"icon\"><span class=\"fa fa-handshake\"><\/span><\/div>\r\n                                    <h4>\u013dudsk\u00fd pr\u00edstup<\/h4>\r\n                                    <div class=\"text\">S agent\u00farou si mus\u00edte \"sadn\u00fa\u0165\"<\/div>\r\n                                <\/div>                        \r\n                            <\/div>\r\n                                                    <\/div>\r\n                    <\/div>\r\n                <\/div>\r\n            <\/div>\r\n        <\/section>\r\n        \r\n\t\t\t\t<\/div>\n\t\t\t\t<\/div>\n\t\t\t\t<div class=\"elementor-element elementor-element-1d39e3d elementor-widget elementor-widget-envolve_our_c\u202alients_v2\" data-id=\"1d39e3d\" data-element_type=\"widget\" data-widget_type=\"envolve_our_c\u202alients_v2.default\">\n\t\t\t\t<div class=\"elementor-widget-container\">\n\t\t\t        <!-- Client Logo -->\r\n        <section class=\"client-section-two\">\r\n            <div class=\"auto-container\">\r\n                <div class=\"top-content row m-0 align-items-center justify-content-between\">\r\n                    <div class=\"sec-title style-two\">\r\n                        <h4><span class=\"flaticon-endless\"><\/span><\/h4>\r\n                        <h2>NA\u0160A KLIENTELA<\/h2>\r\n                    <\/div>\r\n                    <div class=\"text\">Za 10+ rokov sme pomohli viac ako 300 spokojn\u00fdm klientom. Tu s\u00fa niektor\u00ed z nich:<\/div>\r\n                <\/div>\r\n                <div class=\"wrapper-box\">\r\n                    <div class=\"outer-box\">\r\n                        <div class=\"row m-0\">\r\n                                                        <div class=\"column col-lg-3 col-md-6\">\r\n                                <div class=\"image\"><img decoding=\"async\" src=\"https:\/\/www.adlervia.com\/wp-content\/uploads\/2021\/03\/IDONA-logo-2-1.png\" alt=\"Awesome Image\"><\/div>\r\n                            <\/div>\r\n                                                        <div class=\"column col-lg-3 col-md-6\">\r\n                                <div class=\"image\"><img decoding=\"async\" src=\"https:\/\/www.adlervia.com\/wp-content\/uploads\/2021\/03\/profirol-logo.png\" alt=\"Awesome Image\"><\/div>\r\n                            <\/div>\r\n                                                        <div class=\"column col-lg-3 col-md-6\">\r\n                                <div class=\"image\"><img decoding=\"async\" src=\"https:\/\/www.adlervia.com\/wp-content\/uploads\/2021\/03\/Natur-farm-logo.png\" alt=\"Awesome Image\"><\/div>\r\n                            <\/div>\r\n                                                        <div class=\"column col-lg-3 col-md-6\">\r\n                                <div class=\"image\"><img decoding=\"async\" src=\"https:\/\/www.adlervia.com\/wp-content\/uploads\/2021\/03\/mikona-logo.jpg\" alt=\"Awesome Image\"><\/div>\r\n                            <\/div>\r\n                                                        <div class=\"column col-lg-3 col-md-6\">\r\n                                <div class=\"image\"><img decoding=\"async\" src=\"https:\/\/www.adlervia.com\/wp-content\/uploads\/2021\/03\/tuli-logo.png\" alt=\"Awesome Image\"><\/div>\r\n                            <\/div>\r\n                                                        <div class=\"column col-lg-3 col-md-6\">\r\n                                <div class=\"image\"><img decoding=\"async\" src=\"https:\/\/www.adlervia.com\/wp-content\/uploads\/2021\/03\/Porsche-logo.jpg\" alt=\"Awesome Image\"><\/div>\r\n                            <\/div>\r\n                                                        <div class=\"column col-lg-3 col-md-6\">\r\n                                <div class=\"image\"><img decoding=\"async\" src=\"https:\/\/www.adlervia.com\/wp-content\/uploads\/2024\/04\/forbes-logo.jpg\" alt=\"Awesome Image\"><\/div>\r\n                            <\/div>\r\n                                                        <div class=\"column col-lg-3 col-md-6\">\r\n                                <div class=\"image\"><img decoding=\"async\" src=\"https:\/\/www.adlervia.com\/wp-content\/uploads\/2021\/03\/Svet-napojov-LOGO.png\" alt=\"Awesome Image\"><\/div>\r\n                            <\/div>\r\n                                                    <\/div>\r\n                    <\/div>\r\n                <\/div>\r\n                        \r\n            <\/div>\r\n        <\/section>\r\n        \r\n\t\t\t\t<\/div>\n\t\t\t\t<\/div>\n\t\t\t\t<div class=\"elementor-element elementor-element-1a3e8a7 elementor-widget elementor-widget-envolve_never_give_up\" data-id=\"1a3e8a7\" data-element_type=\"widget\" data-widget_type=\"envolve_never_give_up.default\">\n\t\t\t\t<div class=\"elementor-widget-container\">\n\t\t\t        \r\n        <!-- Meet Up Section -->\r\n        <section class=\"meet-up-section\" style=\"background-image: url(https:\/\/www.adlervia.com\/wp-content\/uploads\/2021\/03\/Website-header-1-2.png);\">\r\n            <div class=\"auto-container\">\r\n                <div class=\"content-box\">\r\n                    <div class=\"icon\"><span class=\"fa fa-envelope\"><\/span><\/div>\r\n                    <h3><\/h3>\r\n                    <h1><\/h1>\r\n                    <div class=\"text\"><\/div>\r\n                    <ul>\r\n                        <li><a href=\"tel:http:\/\/+421%20904%20290%20789\"><i class=\"flaticon-phone\"><\/i>+421 904 290 789<\/a><\/li>\r\n                        <li><a href=\"mailto:http:\/\/ivica.duricova@adlervia.com\"><i class=\"flaticon-mail-1\"><\/i>ivica.duricova@adlervia.com<\/a><\/li>\r\n                    <\/ul>\r\n                    <div class=\"link-btn\"><a href=\"https:\/\/www.adlervia.com\/index.php\/kontakt\/\" class=\"theme-btn btn-style-two\"><span class=\"btn-title\">ZA\u010cNITE S NAMI SPOLUPRACOVA\u0164 <i class=\"flaticon-right\"><\/i><\/span><\/a><\/div>\r\n                <\/div>\r\n            <\/div>\r\n        <\/section>\r\n         \r\n\t\t\t\t<\/div>\n\t\t\t\t<\/div>\n\t\t\t\t\t<\/div>\n\t\t<\/div>\n\t\t\t\t\t\t\t<\/div>\n\t\t<\/section>\n\t\t\t\t\t\t<\/div>\n\t\t\t\t\t<\/div>\n\t\t","protected":false},"excerpt":{"rendered":"<p>Predo\u0161l\u00e9 \u010eal\u0161ie ADLERVIA | marketingov\u00e1 agent\u00fara Pr\u00edbehy pred\u00e1vaj\u00fa.Pokojne si t\u00fato fr\u00e1zu nech\u00e1me vytetova\u0165 na \u010delo, tak ve\u013emi jej ver\u00edme. Aj preto sa zameriavame najm\u00e4 na obsahov\u00fd marketing zalo\u017een\u00fd na storytellingu. Preto\u017ee dobr\u00fd pr\u00edbeh funguje v\u0161ade. Podria\u010fuj\u00fa sa mu soci\u00e1lne siete, branding a naming, copywriting a v neposlednom rade aj kni\u017en\u00fd marketing. S t\u00fdmto v\u0161etk\u00fdm v\u00e1m [&hellip;]<\/p>\n","protected":false},"author":1,"featured_media":0,"parent":0,"menu_order":0,"comment_status":"closed","ping_status":"closed","template":"","meta":{"footnotes":""},"class_list":["post-969","page","type-page","status-publish","hentry"],"_links":{"self":[{"href":"https:\/\/www.adlervia.com\/index.php\/wp-json\/wp\/v2\/pages\/969","targetHints":{"allow":["GET"]}}],"collection":[{"href":"https:\/\/www.adlervia.com\/index.php\/wp-json\/wp\/v2\/pages"}],"about":[{"href":"https:\/\/www.adlervia.com\/index.php\/wp-json\/wp\/v2\/types\/page"}],"author":[{"embeddable":true,"href":"https:\/\/www.adlervia.com\/index.php\/wp-json\/wp\/v2\/users\/1"}],"replies":[{"embeddable":true,"href":"https:\/\/www.adlervia.com\/index.php\/wp-json\/wp\/v2\/comments?post=969"}],"version-history":[{"count":91,"href":"https:\/\/www.adlervia.com\/index.php\/wp-json\/wp\/v2\/pages\/969\/revisions"}],"predecessor-version":[{"id":1389,"href":"https:\/\/www.adlervia.com\/index.php\/wp-json\/wp\/v2\/pages\/969\/revisions\/1389"}],"wp:attachment":[{"href":"https:\/\/www.adlervia.com\/index.php\/wp-json\/wp\/v2\/media?parent=969"}],"curies":[{"name":"wp","href":"https:\/\/api.w.org\/{rel}","templated":true}]}}